{"id":1588,"date":"2025-03-30T11:54:12","date_gmt":"2025-03-30T11:54:12","guid":{"rendered":"https:\/\/studio74.pl\/historiapomorza\/editorial-team\/"},"modified":"2025-12-16T17:26:26","modified_gmt":"2025-12-16T17:26:26","slug":"editorial-team","status":"publish","type":"page","link":"https:\/\/historiapomorza.pl\/en\/editorial-team\/","title":{"rendered":"Editorial team"},"content":{"rendered":"<style>.kb-row-layout-id915_125b61-be > .kt-row-column-wrap{align-content:center;}:where(.kb-row-layout-id915_125b61-be > .kt-row-column-wrap) > .wp-block-kadence-column{justify-content:center;}.kb-row-layout-id915_125b61-be > .kt-row-column-wrap{column-gap:var(--global-kb-gap-lg, 4rem);row-gap:var(--global-kb-gap-md, 2rem);max-width:var( --global-content-width, 1290px );padding-left:var(--global-content-edge-padding);padding-right:var(--global-content-edge-padding);padding-top:var(--global-kb-spacing-lg, 3rem);padding-bottom:var(--global-kb-spacing-lg, 3rem);grid-template-columns:minmax(0, 1fr);}.kb-row-layout-id915_125b61-be{background-image:url('https:\/\/historiapomorza.pl\/wp-content\/uploads\/2025\/03\/2_Urzad-wojewodzki-1536x1024.jpg');background-size:cover;background-position:50% 30%;background-attachment:scroll;background-repeat:no-repeat;}.kb-row-layout-id915_125b61-be > .kt-row-layout-overlay{opacity:0.80;background-color:var(--global-palette1, #3182CE);}.kb-row-layout-id915_125b61-be .kt-row-layout-bottom-sep{height:100px;}.kb-row-layout-id915_125b61-be .kt-row-layout-bottom-sep svg{width:100%;}.kb-row-layout-id915_125b61-be .kt-row-layout-bottom-sep svg{fill:#ffffff!important;}@media all and (max-width: 1024px){.kb-row-layout-id915_125b61-be > .kt-row-column-wrap{grid-template-columns:minmax(0, 1fr);}}@media all and (max-width: 1024px){.kb-row-layout-id915_125b61-be .kt-row-layout-bottom-sep{height:80px;}}@media all and (max-width: 1024px){.kb-row-layout-id915_125b61-be .kt-row-layout-bottom-sep svg{width:%;}}@media all and (max-width: 767px){.kb-row-layout-id915_125b61-be > .kt-row-column-wrap{padding-top:var(--global-kb-spacing-3xl, 6.5rem);padding-bottom:var(--global-kb-spacing-3xl, 6.5rem);grid-template-columns:minmax(0, 1fr);}.kb-row-layout-id915_125b61-be .kt-row-layout-bottom-sep{height:60px;}.kb-row-layout-id915_125b61-be .kt-row-layout-bottom-sep svg{width:%;}}<\/style><div class=\"kb-row-layout-wrap kb-row-layout-id915_125b61-be alignfull has-theme-palette8-background-color kt-row-has-bg wp-block-kadence-rowlayout\"><div class=\"kt-row-layout-overlay kt-row-overlay-normal\"><\/div><div class=\"kt-row-column-wrap kt-has-1-columns kt-row-layout-equal kt-tab-layout-inherit kt-mobile-layout-row kt-row-valign-middle kb-theme-content-width\">\n<style>.kadence-column915_255494-e1 > .kt-inside-inner-col,.kadence-column915_255494-e1 > .kt-inside-inner-col:before{border-top-left-radius:0px;border-top-right-radius:0px;border-bottom-right-radius:0px;border-bottom-left-radius:0px;}.kadence-column915_255494-e1 > .kt-inside-inner-col{column-gap:var(--global-kb-gap-sm, 1rem);}.kadence-column915_255494-e1 > .kt-inside-inner-col{flex-direction:column;}.kadence-column915_255494-e1 > .kt-inside-inner-col > .aligncenter{width:100%;}.kadence-column915_255494-e1 > .kt-inside-inner-col:before{opacity:0.3;}.kadence-column915_255494-e1{position:relative;}@media all and (max-width: 1024px){.kadence-column915_255494-e1 > .kt-inside-inner-col{flex-direction:column;justify-content:center;}}@media all and (max-width: 767px){.kadence-column915_255494-e1 > .kt-inside-inner-col{flex-direction:column;justify-content:center;}}<\/style>\n<div class=\"wp-block-kadence-column kadence-column915_255494-e1 inner-column-1\"><div class=\"kt-inside-inner-col\"><style>.wp-block-kadence-advancedheading.kt-adv-heading915_ab80da-f8, .wp-block-kadence-advancedheading.kt-adv-heading915_ab80da-f8[data-kb-block=\"kb-adv-heading915_ab80da-f8\"]{margin-top:0px;margin-bottom:var(--global-kb-spacing-sm, 1.5rem);text-align:center;font-size:var(--global-kb-font-size-xl, 3rem);line-height:1;font-style:normal;}.wp-block-kadence-advancedheading.kt-adv-heading915_ab80da-f8 mark.kt-highlight, .wp-block-kadence-advancedheading.kt-adv-heading915_ab80da-f8[data-kb-block=\"kb-adv-heading915_ab80da-f8\"] mark.kt-highlight{font-style:normal;color:#f76a0c;-webkit-box-decoration-break:clone;box-decoration-break:clone;padding-top:0px;padding-right:0px;padding-bottom:0px;padding-left:0px;}@media all and (max-width: 1024px){.wp-block-kadence-advancedheading.kt-adv-heading915_ab80da-f8, .wp-block-kadence-advancedheading.kt-adv-heading915_ab80da-f8[data-kb-block=\"kb-adv-heading915_ab80da-f8\"]{font-size:80px;}}@media all and (max-width: 767px){.wp-block-kadence-advancedheading.kt-adv-heading915_ab80da-f8, .wp-block-kadence-advancedheading.kt-adv-heading915_ab80da-f8[data-kb-block=\"kb-adv-heading915_ab80da-f8\"]{font-size:40px;line-height:1.2;}}<\/style>\n<h2 class=\"kt-adv-heading915_ab80da-f8 wp-block-kadence-advancedheading has-theme-palette-9-color has-text-color\" data-kb-block=\"kb-adv-heading915_ab80da-f8\">Editorial Team<\/h2>\n<\/div><\/div>\n\n<\/div><\/div><style>.kb-row-layout-wrap.wp-block-kadence-rowlayout.kb-row-layout-id915_093c27-b8{margin-top:var(--global-kb-spacing-xxl, 5rem);margin-bottom:var(--global-kb-spacing-xxl, 5rem);}.kb-row-layout-id915_093c27-b8 > .kt-row-column-wrap{align-content:start;}:where(.kb-row-layout-id915_093c27-b8 > .kt-row-column-wrap) > .wp-block-kadence-column{justify-content:start;}.kb-row-layout-id915_093c27-b8 > .kt-row-column-wrap{column-gap:var(--global-kb-gap-md, 2rem);row-gap:var(--global-kb-gap-md, 2rem);padding-top:var(--global-kb-spacing-sm, 1.5rem);padding-bottom:var(--global-kb-spacing-sm, 1.5rem);grid-template-columns:minmax(0, 1fr);}.kb-row-layout-id915_093c27-b8 > .kt-row-layout-overlay{opacity:0.30;}@media all and (max-width: 1024px){.kb-row-layout-id915_093c27-b8 > .kt-row-column-wrap{grid-template-columns:minmax(0, 1fr);}}@media all and (max-width: 767px){.kb-row-layout-id915_093c27-b8 > .kt-row-column-wrap{grid-template-columns:minmax(0, 1fr);}}<\/style><div class=\"kb-row-layout-wrap kb-row-layout-id915_093c27-b8 alignnone wp-block-kadence-rowlayout\"><div class=\"kt-row-column-wrap kt-has-1-columns kt-row-layout-equal kt-tab-layout-inherit kt-mobile-layout-row kt-row-valign-top\">\n<style>.kadence-column915_6ed450-08 > .kt-inside-inner-col,.kadence-column915_6ed450-08 > .kt-inside-inner-col:before{border-top-left-radius:0px;border-top-right-radius:0px;border-bottom-right-radius:0px;border-bottom-left-radius:0px;}.kadence-column915_6ed450-08 > .kt-inside-inner-col{column-gap:var(--global-kb-gap-sm, 1rem);}.kadence-column915_6ed450-08 > .kt-inside-inner-col{flex-direction:column;}.kadence-column915_6ed450-08 > .kt-inside-inner-col > .aligncenter{width:100%;}.kadence-column915_6ed450-08 > .kt-inside-inner-col:before{opacity:0.3;}.kadence-column915_6ed450-08{position:relative;}@media all and (max-width: 1024px){.kadence-column915_6ed450-08 > .kt-inside-inner-col{flex-direction:column;justify-content:center;}}@media all and (max-width: 767px){.kadence-column915_6ed450-08 > .kt-inside-inner-col{flex-direction:column;justify-content:center;}}<\/style>\n<div class=\"wp-block-kadence-column kadence-column915_6ed450-08\"><div class=\"kt-inside-inner-col\"><style>.wp-block-kadence-advancedheading.kt-adv-heading915_7ff09d-e8, .wp-block-kadence-advancedheading.kt-adv-heading915_7ff09d-e8[data-kb-block=\"kb-adv-heading915_7ff09d-e8\"]{font-style:normal;}.wp-block-kadence-advancedheading.kt-adv-heading915_7ff09d-e8 mark.kt-highlight, .wp-block-kadence-advancedheading.kt-adv-heading915_7ff09d-e8[data-kb-block=\"kb-adv-heading915_7ff09d-e8\"] mark.kt-highlight{font-style:normal;color:#f76a0c;-webkit-box-decoration-break:clone;box-decoration-break:clone;padding-top:0px;padding-right:0px;padding-bottom:0px;padding-left:0px;}<\/style>\n<p class=\"kt-adv-heading915_7ff09d-e8 wp-block-kadence-advancedheading\" data-kb-block=\"kb-adv-heading915_7ff09d-e8\"><strong>Project Manager and Editor of the Academic Module: <\/strong>prof. dr hab. Adam Makowski<\/p>\n\n\n<style>.wp-block-kadence-advancedheading.kt-adv-heading915_918f1b-6f, .wp-block-kadence-advancedheading.kt-adv-heading915_918f1b-6f[data-kb-block=\"kb-adv-heading915_918f1b-6f\"]{font-style:normal;}.wp-block-kadence-advancedheading.kt-adv-heading915_918f1b-6f mark.kt-highlight, .wp-block-kadence-advancedheading.kt-adv-heading915_918f1b-6f[data-kb-block=\"kb-adv-heading915_918f1b-6f\"] mark.kt-highlight{font-style:normal;color:#f76a0c;-webkit-box-decoration-break:clone;box-decoration-break:clone;padding-top:0px;padding-right:0px;padding-bottom:0px;padding-left:0px;}<\/style>\n<p class=\"kt-adv-heading915_918f1b-6f wp-block-kadence-advancedheading\" data-kb-block=\"kb-adv-heading915_918f1b-6f\"><a href=\"mailto:adam.makowski@usz.edu.pl\" target=\"_blank\" rel=\"noreferrer noopener\">adam.makowski@usz.edu.pl<\/a><\/p>\n\n\n<style>.wp-block-kadence-advancedheading.kt-adv-heading915_807447-4b, .wp-block-kadence-advancedheading.kt-adv-heading915_807447-4b[data-kb-block=\"kb-adv-heading915_807447-4b\"]{font-style:normal;}.wp-block-kadence-advancedheading.kt-adv-heading915_807447-4b mark.kt-highlight, .wp-block-kadence-advancedheading.kt-adv-heading915_807447-4b[data-kb-block=\"kb-adv-heading915_807447-4b\"] mark.kt-highlight{font-style:normal;color:#f76a0c;-webkit-box-decoration-break:clone;box-decoration-break:clone;padding-top:0px;padding-right:0px;padding-bottom:0px;padding-left:0px;}<\/style>\n<p class=\"kt-adv-heading915_807447-4b wp-block-kadence-advancedheading\" data-kb-block=\"kb-adv-heading915_807447-4b\"><strong>Editor of the Educational Module:<\/strong> dr hab. Ma\u0142gorzata Macha\u0142ek, prof. US<\/p>\n\n\n<style>.wp-block-kadence-advancedheading.kt-adv-heading915_72e13a-10, .wp-block-kadence-advancedheading.kt-adv-heading915_72e13a-10[data-kb-block=\"kb-adv-heading915_72e13a-10\"]{font-style:normal;}.wp-block-kadence-advancedheading.kt-adv-heading915_72e13a-10 mark.kt-highlight, .wp-block-kadence-advancedheading.kt-adv-heading915_72e13a-10[data-kb-block=\"kb-adv-heading915_72e13a-10\"] mark.kt-highlight{font-style:normal;color:#f76a0c;-webkit-box-decoration-break:clone;box-decoration-break:clone;padding-top:0px;padding-right:0px;padding-bottom:0px;padding-left:0px;}<\/style>\n<p class=\"kt-adv-heading915_72e13a-10 wp-block-kadence-advancedheading\" data-kb-block=\"kb-adv-heading915_72e13a-10\"><h6 class=\"sr-only\"><strong style=\"font-size: 17px;\" data-start=\"0\" data-end=\"39\" data-is-last-node=\"\" data-is-only-node=\"\">Editor of the Multimedia Collection<\/strong><strong>:<\/strong> dr hab. Rados\u0142aw Skrycki, prof. US<\/h6><\/p>\n\n\n<style>.wp-block-kadence-advancedheading.kt-adv-heading915_01daf0-73, .wp-block-kadence-advancedheading.kt-adv-heading915_01daf0-73[data-kb-block=\"kb-adv-heading915_01daf0-73\"]{font-style:normal;}.wp-block-kadence-advancedheading.kt-adv-heading915_01daf0-73 mark.kt-highlight, .wp-block-kadence-advancedheading.kt-adv-heading915_01daf0-73[data-kb-block=\"kb-adv-heading915_01daf0-73\"] mark.kt-highlight{font-style:normal;color:#f76a0c;-webkit-box-decoration-break:clone;box-decoration-break:clone;padding-top:0px;padding-right:0px;padding-bottom:0px;padding-left:0px;}<\/style>\n<p class=\"kt-adv-heading915_01daf0-73 wp-block-kadence-advancedheading\" data-kb-block=\"kb-adv-heading915_01daf0-73\"><strong>Editor of the Experts\u2019 Panel:<\/strong> dr hab. Eryk Krasucki, prof. US<\/p>\n\n\n<style>.wp-block-kadence-advancedheading.kt-adv-heading915_bbc177-08, .wp-block-kadence-advancedheading.kt-adv-heading915_bbc177-08[data-kb-block=\"kb-adv-heading915_bbc177-08\"]{font-style:normal;}.wp-block-kadence-advancedheading.kt-adv-heading915_bbc177-08 mark.kt-highlight, .wp-block-kadence-advancedheading.kt-adv-heading915_bbc177-08[data-kb-block=\"kb-adv-heading915_bbc177-08\"] mark.kt-highlight{font-style:normal;color:#f76a0c;-webkit-box-decoration-break:clone;box-decoration-break:clone;padding-top:0px;padding-right:0px;padding-bottom:0px;padding-left:0px;}<\/style>\n<p class=\"kt-adv-heading915_bbc177-08 wp-block-kadence-advancedheading\" data-kb-block=\"kb-adv-heading915_bbc177-08\"><strong>Team Members:<\/strong><\/p>\n\n\n<style>.wp-block-kadence-advancedheading.kt-adv-heading915_5022ff-b4, .wp-block-kadence-advancedheading.kt-adv-heading915_5022ff-b4[data-kb-block=\"kb-adv-heading915_5022ff-b4\"]{font-style:normal;}.wp-block-kadence-advancedheading.kt-adv-heading915_5022ff-b4 mark.kt-highlight, .wp-block-kadence-advancedheading.kt-adv-heading915_5022ff-b4[data-kb-block=\"kb-adv-heading915_5022ff-b4\"] mark.kt-highlight{font-style:normal;color:#f76a0c;-webkit-box-decoration-break:clone;box-decoration-break:clone;padding-top:0px;padding-right:0px;padding-bottom:0px;padding-left:0px;}<\/style>\n<p class=\"kt-adv-heading915_5022ff-b4 wp-block-kadence-advancedheading\" data-kb-block=\"kb-adv-heading915_5022ff-b4\">Prof. dr hab. Rados\u0142aw Gazi\u0144ski<\/p>\n\n\n<style>.wp-block-kadence-advancedheading.kt-adv-heading915_2fa88c-d6, .wp-block-kadence-advancedheading.kt-adv-heading915_2fa88c-d6[data-kb-block=\"kb-adv-heading915_2fa88c-d6\"]{font-style:normal;}.wp-block-kadence-advancedheading.kt-adv-heading915_2fa88c-d6 mark.kt-highlight, .wp-block-kadence-advancedheading.kt-adv-heading915_2fa88c-d6[data-kb-block=\"kb-adv-heading915_2fa88c-d6\"] mark.kt-highlight{font-style:normal;color:#f76a0c;-webkit-box-decoration-break:clone;box-decoration-break:clone;padding-top:0px;padding-right:0px;padding-bottom:0px;padding-left:0px;}<\/style>\n<p class=\"kt-adv-heading915_2fa88c-d6 wp-block-kadence-advancedheading\" data-kb-block=\"kb-adv-heading915_2fa88c-d6\">Dr Pawe\u0142 Migdalski<\/p>\n\n\n<style>.wp-block-kadence-advancedheading.kt-adv-heading915_d315cc-f2, .wp-block-kadence-advancedheading.kt-adv-heading915_d315cc-f2[data-kb-block=\"kb-adv-heading915_d315cc-f2\"]{font-style:normal;}.wp-block-kadence-advancedheading.kt-adv-heading915_d315cc-f2 mark.kt-highlight, .wp-block-kadence-advancedheading.kt-adv-heading915_d315cc-f2[data-kb-block=\"kb-adv-heading915_d315cc-f2\"] mark.kt-highlight{font-style:normal;color:#f76a0c;-webkit-box-decoration-break:clone;box-decoration-break:clone;padding-top:0px;padding-right:0px;padding-bottom:0px;padding-left:0px;}<\/style>\n<p class=\"kt-adv-heading915_d315cc-f2 wp-block-kadence-advancedheading\" data-kb-block=\"kb-adv-heading915_d315cc-f2\">Dr Tomasz \u015alepowro\u0144ski<\/p>\n<\/div><\/div>\n\n<\/div><\/div>","protected":false},"excerpt":{"rendered":"<p>Editorial Team Project Manager and Editor of the Academic Module: prof. dr hab. Adam Makowski adam.makowski@usz.edu.pl Editor of the Educational Module: dr hab. Ma\u0142gorzata Macha\u0142ek, prof. US Editor of the Multimedia Collection: dr hab. Rados\u0142aw Skrycki, prof. US Editor of the Experts\u2019 Panel: dr hab. Eryk Krasucki, prof. US Team Members: Prof. dr hab. Rados\u0142aw&#8230;<\/p>\n","protected":false},"author":2,"featured_media":1587,"parent":0,"menu_order":0,"comment_status":"closed","ping_status":"closed","template":"","meta":{"_acf_changed":false,"_kad_blocks_custom_css":"","_kad_blocks_head_custom_js":"","_kad_blocks_body_custom_js":"","_kad_blocks_footer_custom_js":"","_kadence_starter_templates_imported_post":false,"_kad_post_transparent":"","_kad_post_title":"","_kad_post_layout":"","_kad_post_sidebar_id":"","_kad_post_content_style":"","_kad_post_vertical_padding":"","_kad_post_feature":"","_kad_post_feature_position":"","_kad_post_header":false,"_kad_post_footer":false,"footnotes":""},"class_list":["post-1588","page","type-page","status-publish","has-post-thumbnail","hentry"],"acf":[],"taxonomy_info":[],"featured_image_src_large":["https:\/\/historiapomorza.pl\/wp-content\/uploads\/2025\/09\/K.1534_0001-1024x827.jpg",1024,827,true],"author_info":{"display_name":"lukasz","author_link":"https:\/\/historiapomorza.pl\/en\/author\/studio74-50wrmi\/"},"comment_info":0,"_links":{"self":[{"href":"https:\/\/historiapomorza.pl\/en\/wp-json\/wp\/v2\/pages\/1588","targetHints":{"allow":["GET"]}}],"collection":[{"href":"https:\/\/historiapomorza.pl\/en\/wp-json\/wp\/v2\/pages"}],"about":[{"href":"https:\/\/historiapomorza.pl\/en\/wp-json\/wp\/v2\/types\/page"}],"author":[{"embeddable":true,"href":"https:\/\/historiapomorza.pl\/en\/wp-json\/wp\/v2\/users\/2"}],"replies":[{"embeddable":true,"href":"https:\/\/historiapomorza.pl\/en\/wp-json\/wp\/v2\/comments?post=1588"}],"version-history":[{"count":3,"href":"https:\/\/historiapomorza.pl\/en\/wp-json\/wp\/v2\/pages\/1588\/revisions"}],"predecessor-version":[{"id":2281,"href":"https:\/\/historiapomorza.pl\/en\/wp-json\/wp\/v2\/pages\/1588\/revisions\/2281"}],"wp:featuredmedia":[{"embeddable":true,"href":"https:\/\/historiapomorza.pl\/en\/wp-json\/wp\/v2\/media\/1587"}],"wp:attachment":[{"href":"https:\/\/historiapomorza.pl\/en\/wp-json\/wp\/v2\/media?parent=1588"}],"curies":[{"name":"wp","href":"https:\/\/api.w.org\/{rel}","templated":true}]}}